{"id":4203,"date":"2020-06-11T12:25:49","date_gmt":"2020-06-11T11:25:49","guid":{"rendered":"https:\/\/kobus.ch\/webshop\/?post_type=product&#038;p=4203"},"modified":"2024-11-25T18:39:16","modified_gmt":"2024-11-25T17:39:16","slug":"erkaltung-atemwege-tee","status":"publish","type":"product","link":"https:\/\/kobus.ch\/webshop\/produkt\/erkaltung-atemwege-tee\/","title":{"rendered":"Erk\u00e4ltungstee"},"content":{"rendered":"<p>Ein gutes Hausmittel bei Erk\u00e4ltung ist heisser Kr\u00e4utertee, der dazu beitr\u00e4gt, z\u00e4hen Schleim in den Atemwegen zu verfl\u00fcssigen und so das Abhusten zu erleichtern. Die Heilkr\u00e4uter haben spezifische Wirkungen, durch die sie die Symptome einer Erk\u00e4ltung lindern<\/p>\n<p>Zutaten: Pfefferminze, Thymian, Ysop, Bohnenkraut, Oregano, Weidenrinde, Lorbeer, Salbei, Echinacea, Lindenbl\u00fcte, Malvenbl\u00e4tter, Efeu<\/p>\n<p>30g Bio-Qualit\u00e4t<\/p>\n","protected":false},"excerpt":{"rendered":"<p>Fiebersenkend &amp; schmerzlindernd<\/p>\n","protected":false},"featured_media":4196,"comment_status":"open","ping_status":"closed","template":"","meta":[],"product_brand":[],"product_cat":[109],"product_tag":[],"yst_prominent_words":[],"class_list":{"0":"post-4203","1":"product","2":"type-product","3":"status-publish","4":"has-post-thumbnail","6":"product_cat-tee","8":"first","9":"instock","10":"shipping-taxable","11":"product-type-simple"},"_links":{"self":[{"href":"https:\/\/kobus.ch\/webshop\/wp-json\/wp\/v2\/product\/4203","targetHints":{"allow":["GET"]}}],"collection":[{"href":"https:\/\/kobus.ch\/webshop\/wp-json\/wp\/v2\/product"}],"about":[{"href":"https:\/\/kobus.ch\/webshop\/wp-json\/wp\/v2\/types\/product"}],"replies":[{"embeddable":true,"href":"https:\/\/kobus.ch\/webshop\/wp-json\/wp\/v2\/comments?post=4203"}],"wp:featuredmedia":[{"embeddable":true,"href":"https:\/\/kobus.ch\/webshop\/wp-json\/wp\/v2\/media\/4196"}],"wp:attachment":[{"href":"https:\/\/kobus.ch\/webshop\/wp-json\/wp\/v2\/media?parent=4203"}],"wp:term":[{"taxonomy":"product_brand","embeddable":true,"href":"https:\/\/kobus.ch\/webshop\/wp-json\/wp\/v2\/product_brand?post=4203"},{"taxonomy":"product_cat","embeddable":true,"href":"https:\/\/kobus.ch\/webshop\/wp-json\/wp\/v2\/product_cat?post=4203"},{"taxonomy":"product_tag","embeddable":true,"href":"https:\/\/kobus.ch\/webshop\/wp-json\/wp\/v2\/product_tag?post=4203"},{"taxonomy":"yst_prominent_words","embeddable":true,"href":"https:\/\/kobus.ch\/webshop\/wp-json\/wp\/v2\/yst_prominent_words?post=4203"}],"curies":[{"name":"wp","href":"https:\/\/api.w.org\/{rel}","templated":true}]}}