{"id":4204,"date":"2020-06-11T12:46:34","date_gmt":"2020-06-11T11:46:34","guid":{"rendered":"https:\/\/kobus.ch\/webshop\/?post_type=product&#038;p=4204"},"modified":"2024-11-25T18:39:16","modified_gmt":"2024-11-25T17:39:16","slug":"magen-und-darm-tee","status":"publish","type":"product","link":"https:\/\/kobus.ch\/webshop\/produkt\/magen-und-darm-tee\/","title":{"rendered":"Magen- und Darm Tee"},"content":{"rendered":"<p>Der Tee hilft bei Magen und Darm Beschwerden, er wirkt krampfl\u00f6send, wohltuend und l\u00f6st das V\u00f6llegef\u00fchl, die Bl\u00e4hungen und leichte krampfartige Magen-Darm-St\u00f6rungen.<\/p>\n<p>Zutaten: Fenchel, Melisse, Schafgarben, Pfefferminz, Bohnenkraut, K\u00fcmmel, Kamille, Oregano, Wermut, Borretsch, Hanfbl\u00e4tter, Lavendel, Rosmarin, Teufelskralle, Sternanis<\/p>\n<p>30g Bio-Qualit\u00e4t<\/p>\n","protected":false},"excerpt":{"rendered":"<p>krampfl\u00f6send, wohltuend<\/p>\n","protected":false},"featured_media":5054,"comment_status":"open","ping_status":"closed","template":"","meta":[],"product_brand":[],"product_cat":[109],"product_tag":[],"yst_prominent_words":[],"class_list":{"0":"post-4204","1":"product","2":"type-product","3":"status-publish","4":"has-post-thumbnail","6":"product_cat-tee","8":"first","9":"instock","10":"shipping-taxable","11":"product-type-simple"},"_links":{"self":[{"href":"https:\/\/kobus.ch\/webshop\/wp-json\/wp\/v2\/product\/4204","targetHints":{"allow":["GET"]}}],"collection":[{"href":"https:\/\/kobus.ch\/webshop\/wp-json\/wp\/v2\/product"}],"about":[{"href":"https:\/\/kobus.ch\/webshop\/wp-json\/wp\/v2\/types\/product"}],"replies":[{"embeddable":true,"href":"https:\/\/kobus.ch\/webshop\/wp-json\/wp\/v2\/comments?post=4204"}],"wp:featuredmedia":[{"embeddable":true,"href":"https:\/\/kobus.ch\/webshop\/wp-json\/wp\/v2\/media\/5054"}],"wp:attachment":[{"href":"https:\/\/kobus.ch\/webshop\/wp-json\/wp\/v2\/media?parent=4204"}],"wp:term":[{"taxonomy":"product_brand","embeddable":true,"href":"https:\/\/kobus.ch\/webshop\/wp-json\/wp\/v2\/product_brand?post=4204"},{"taxonomy":"product_cat","embeddable":true,"href":"https:\/\/kobus.ch\/webshop\/wp-json\/wp\/v2\/product_cat?post=4204"},{"taxonomy":"product_tag","embeddable":true,"href":"https:\/\/kobus.ch\/webshop\/wp-json\/wp\/v2\/product_tag?post=4204"},{"taxonomy":"yst_prominent_words","embeddable":true,"href":"https:\/\/kobus.ch\/webshop\/wp-json\/wp\/v2\/yst_prominent_words?post=4204"}],"curies":[{"name":"wp","href":"https:\/\/api.w.org\/{rel}","templated":true}]}}