{"id":4205,"date":"2020-06-11T12:48:49","date_gmt":"2020-06-11T11:48:49","guid":{"rendered":"https:\/\/kobus.ch\/webshop\/?post_type=product&#038;p=4205"},"modified":"2024-11-25T18:39:16","modified_gmt":"2024-11-25T17:39:16","slug":"immuntee","status":"publish","type":"product","link":"https:\/\/kobus.ch\/webshop\/produkt\/immuntee\/","title":{"rendered":"Immuntee"},"content":{"rendered":"<p>Immunsystem st\u00e4rken mit Kr\u00e4utern. Die spezielle Kombination von Kr\u00e4utern hat eine antibakterielle und\u00a0 entz\u00fcndungshemmende Wirkung<\/p>\n<p>Genau richtig in der Herbst\/Winter Zeit<\/p>\n<p>Zutaten: Thymian, Echinacea, Melisse, Oregano, Brennnessel, Spitzwegerich, Eiche, Kamille, Oregano, Lavendel, Artemisia annua, Salbei, Holunderbeeren, Schafgarbe, Linde<\/p>\n<p>30g Bio-Qualit\u00e4t<\/p>\n","protected":false},"excerpt":{"rendered":"<p>Immunsystem st\u00e4rken mit Kr\u00e4utern<\/p>\n","protected":false},"featured_media":5055,"comment_status":"open","ping_status":"closed","template":"","meta":[],"product_brand":[],"product_cat":[109],"product_tag":[],"yst_prominent_words":[],"class_list":{"0":"post-4205","1":"product","2":"type-product","3":"status-publish","4":"has-post-thumbnail","6":"product_cat-tee","8":"first","9":"instock","10":"shipping-taxable","11":"product-type-simple"},"_links":{"self":[{"href":"https:\/\/kobus.ch\/webshop\/wp-json\/wp\/v2\/product\/4205","targetHints":{"allow":["GET"]}}],"collection":[{"href":"https:\/\/kobus.ch\/webshop\/wp-json\/wp\/v2\/product"}],"about":[{"href":"https:\/\/kobus.ch\/webshop\/wp-json\/wp\/v2\/types\/product"}],"replies":[{"embeddable":true,"href":"https:\/\/kobus.ch\/webshop\/wp-json\/wp\/v2\/comments?post=4205"}],"wp:featuredmedia":[{"embeddable":true,"href":"https:\/\/kobus.ch\/webshop\/wp-json\/wp\/v2\/media\/5055"}],"wp:attachment":[{"href":"https:\/\/kobus.ch\/webshop\/wp-json\/wp\/v2\/media?parent=4205"}],"wp:term":[{"taxonomy":"product_brand","embeddable":true,"href":"https:\/\/kobus.ch\/webshop\/wp-json\/wp\/v2\/product_brand?post=4205"},{"taxonomy":"product_cat","embeddable":true,"href":"https:\/\/kobus.ch\/webshop\/wp-json\/wp\/v2\/product_cat?post=4205"},{"taxonomy":"product_tag","embeddable":true,"href":"https:\/\/kobus.ch\/webshop\/wp-json\/wp\/v2\/product_tag?post=4205"},{"taxonomy":"yst_prominent_words","embeddable":true,"href":"https:\/\/kobus.ch\/webshop\/wp-json\/wp\/v2\/yst_prominent_words?post=4205"}],"curies":[{"name":"wp","href":"https:\/\/api.w.org\/{rel}","templated":true}]}}