{"id":4258,"date":"2020-06-29T18:19:15","date_gmt":"2020-06-29T17:19:15","guid":{"rendered":"https:\/\/kobus.ch\/webshop\/?post_type=product&#038;p=4258"},"modified":"2024-11-25T18:38:20","modified_gmt":"2024-11-25T17:38:20","slug":"detox-tee","status":"publish","type":"product","link":"https:\/\/kobus.ch\/webshop\/produkt\/detox-tee\/","title":{"rendered":"Detox Tee"},"content":{"rendered":"<p>Detox-Tee mit antioxidativen Inhaltsstoffen f\u00fcr Deine nat\u00fcrliche Entgiftung<\/p>\n<p>Zutaten: Pfefferminzbl\u00e4ttern, Fenchel, Verbenenbl\u00e4tte, Brennnesselbl\u00e4ttern, Goldrute, L\u00f6wenzahn, Schafgarbe, Acker-Schachtelhalm, Bohnenkraut<\/p>\n<p>30g Bio-Qualit\u00e4t<\/p>\n","protected":false},"excerpt":{"rendered":"<p>Detox-Tee mit antioxidativen Inhaltsstoffen f\u00fcr Deine nat\u00fcrliche Entgiftung<\/p>\n","protected":false},"featured_media":4972,"comment_status":"open","ping_status":"closed","template":"","meta":[],"product_brand":[],"product_cat":[109],"product_tag":[],"yst_prominent_words":[],"class_list":{"0":"post-4258","1":"product","2":"type-product","3":"status-publish","4":"has-post-thumbnail","6":"product_cat-tee","8":"first","9":"instock","10":"shipping-taxable","11":"product-type-simple"},"_links":{"self":[{"href":"https:\/\/kobus.ch\/webshop\/wp-json\/wp\/v2\/product\/4258","targetHints":{"allow":["GET"]}}],"collection":[{"href":"https:\/\/kobus.ch\/webshop\/wp-json\/wp\/v2\/product"}],"about":[{"href":"https:\/\/kobus.ch\/webshop\/wp-json\/wp\/v2\/types\/product"}],"replies":[{"embeddable":true,"href":"https:\/\/kobus.ch\/webshop\/wp-json\/wp\/v2\/comments?post=4258"}],"wp:featuredmedia":[{"embeddable":true,"href":"https:\/\/kobus.ch\/webshop\/wp-json\/wp\/v2\/media\/4972"}],"wp:attachment":[{"href":"https:\/\/kobus.ch\/webshop\/wp-json\/wp\/v2\/media?parent=4258"}],"wp:term":[{"taxonomy":"product_brand","embeddable":true,"href":"https:\/\/kobus.ch\/webshop\/wp-json\/wp\/v2\/product_brand?post=4258"},{"taxonomy":"product_cat","embeddable":true,"href":"https:\/\/kobus.ch\/webshop\/wp-json\/wp\/v2\/product_cat?post=4258"},{"taxonomy":"product_tag","embeddable":true,"href":"https:\/\/kobus.ch\/webshop\/wp-json\/wp\/v2\/product_tag?post=4258"},{"taxonomy":"yst_prominent_words","embeddable":true,"href":"https:\/\/kobus.ch\/webshop\/wp-json\/wp\/v2\/yst_prominent_words?post=4258"}],"curies":[{"name":"wp","href":"https:\/\/api.w.org\/{rel}","templated":true}]}}