{"id":4432,"date":"2021-01-14T12:32:52","date_gmt":"2021-01-14T11:32:52","guid":{"rendered":"https:\/\/kobus.ch\/webshop\/?post_type=product&#038;p=4432"},"modified":"2024-11-03T12:05:19","modified_gmt":"2024-11-03T11:05:19","slug":"repair-salbe-bei-juckender-trockener-und-schuppiger-haut","status":"publish","type":"product","link":"https:\/\/kobus.ch\/webshop\/produkt\/repair-salbe-bei-juckender-trockener-und-schuppiger-haut\/","title":{"rendered":"Hautsschutz- Pflegesalbe"},"content":{"rendered":"<p><strong>Zur Anwendung als Nachtcreme oder bei trockener und juckender, Haut<\/strong><\/p>\n<p>Auch zur therapiebegleitenden Pflege bei Psoriasis, Neurodermitis, Akne und Ekzemen<\/p>\n<p>Zutaten: Kokos\u00f6l, Borretsch, Brennesel, M\u00e4des\u00fcss, Beinwell, Wacholderbeeren, Ringelblume, Bienenwachs, \u00c4therische \u00d6le: Benzoe Siam, Rose, Minze, Zitronenminze, Rosengeranie, Ylang-Ylang<\/p>\n<p>30g Bio-Qualit\u00e4t<\/p>\n","protected":false},"excerpt":{"rendered":"<p><strong>Zur Anwendung als Nachtcreme oder bei trockener und juckender, Haut<\/strong><\/p>\n<p>Auch zur therapiebegleitenden Pflege bei Psoriasis, Neurodermitis, Akne und Ekzemen<\/p>\n<p>&nbsp;<\/p>\n<p><strong>\u00a0<\/strong><\/p>\n","protected":false},"featured_media":4634,"comment_status":"open","ping_status":"closed","template":"","meta":[],"product_brand":[],"product_cat":[153],"product_tag":[],"yst_prominent_words":[],"class_list":{"0":"post-4432","1":"product","2":"type-product","3":"status-publish","4":"has-post-thumbnail","6":"product_cat-salben","8":"first","9":"outofstock","10":"shipping-taxable","11":"product-type-simple"},"_links":{"self":[{"href":"https:\/\/kobus.ch\/webshop\/wp-json\/wp\/v2\/product\/4432","targetHints":{"allow":["GET"]}}],"collection":[{"href":"https:\/\/kobus.ch\/webshop\/wp-json\/wp\/v2\/product"}],"about":[{"href":"https:\/\/kobus.ch\/webshop\/wp-json\/wp\/v2\/types\/product"}],"replies":[{"embeddable":true,"href":"https:\/\/kobus.ch\/webshop\/wp-json\/wp\/v2\/comments?post=4432"}],"wp:featuredmedia":[{"embeddable":true,"href":"https:\/\/kobus.ch\/webshop\/wp-json\/wp\/v2\/media\/4634"}],"wp:attachment":[{"href":"https:\/\/kobus.ch\/webshop\/wp-json\/wp\/v2\/media?parent=4432"}],"wp:term":[{"taxonomy":"product_brand","embeddable":true,"href":"https:\/\/kobus.ch\/webshop\/wp-json\/wp\/v2\/product_brand?post=4432"},{"taxonomy":"product_cat","embeddable":true,"href":"https:\/\/kobus.ch\/webshop\/wp-json\/wp\/v2\/product_cat?post=4432"},{"taxonomy":"product_tag","embeddable":true,"href":"https:\/\/kobus.ch\/webshop\/wp-json\/wp\/v2\/product_tag?post=4432"},{"taxonomy":"yst_prominent_words","embeddable":true,"href":"https:\/\/kobus.ch\/webshop\/wp-json\/wp\/v2\/yst_prominent_words?post=4432"}],"curies":[{"name":"wp","href":"https:\/\/api.w.org\/{rel}","templated":true}]}}