{"id":4581,"date":"2021-04-15T12:36:33","date_gmt":"2021-04-15T11:36:33","guid":{"rendered":"https:\/\/kobus.ch\/webshop\/?post_type=product&#038;p=4581"},"modified":"2024-11-25T18:38:19","modified_gmt":"2024-11-25T17:38:19","slug":"stirnhoehlen-tee","status":"publish","type":"product","link":"https:\/\/kobus.ch\/webshop\/produkt\/stirnhoehlen-tee\/","title":{"rendered":"Stirnh\u00f6hlen Tee"},"content":{"rendered":"<p>Anwenden bei Entz\u00fcndungen der Nasennebenh\u00f6hlen und bei Schnupfen mit z\u00e4her Verschleimung. Einige Heilpflanzen helfen dabei, verstopfte Nasennebenh\u00f6hlen freizubekommen. Es ist bekannt, dass bei einer Erk\u00e4ltung die Fl\u00fcssigkeitszufuhr ein sinnvolles Hausmittel ist, um die Verschleimung zu l\u00f6sen und Erreger auszuschwitzen. Das gilt auch f\u00fcr die Sinusitis. Warme Tees mit entz\u00fcndungshemmenden Kr\u00e4utern wie Salbei oder Kamille wirken bei einer Entz\u00fcndung der Nasennebenh\u00f6hlen besonders gut.<\/p>\n<p>Zutaten: Pfefferminzbl\u00e4tter, Kamillenbl\u00fcten, Augentrost, Thymian, M\u00e4des\u00fcss, Hagebutte, Holunderbeeren, Beinwell, Echinacea, Majoran, Bockshornklee, Weide<\/p>\n<p>30g Bio-Qualit\u00e4t<\/p>\n","protected":false},"excerpt":{"rendered":"<p>Anwenden bei Entz\u00fcndungen der Nasennebenh\u00f6hlen, Tinnitus und Schnupfen mit Verschleimung.<\/p>\n","protected":false},"featured_media":5057,"comment_status":"open","ping_status":"closed","template":"","meta":[],"product_brand":[],"product_cat":[109],"product_tag":[],"yst_prominent_words":[],"class_list":{"0":"post-4581","1":"product","2":"type-product","3":"status-publish","4":"has-post-thumbnail","6":"product_cat-tee","8":"first","9":"instock","10":"shipping-taxable","11":"product-type-simple"},"_links":{"self":[{"href":"https:\/\/kobus.ch\/webshop\/wp-json\/wp\/v2\/product\/4581","targetHints":{"allow":["GET"]}}],"collection":[{"href":"https:\/\/kobus.ch\/webshop\/wp-json\/wp\/v2\/product"}],"about":[{"href":"https:\/\/kobus.ch\/webshop\/wp-json\/wp\/v2\/types\/product"}],"replies":[{"embeddable":true,"href":"https:\/\/kobus.ch\/webshop\/wp-json\/wp\/v2\/comments?post=4581"}],"wp:featuredmedia":[{"embeddable":true,"href":"https:\/\/kobus.ch\/webshop\/wp-json\/wp\/v2\/media\/5057"}],"wp:attachment":[{"href":"https:\/\/kobus.ch\/webshop\/wp-json\/wp\/v2\/media?parent=4581"}],"wp:term":[{"taxonomy":"product_brand","embeddable":true,"href":"https:\/\/kobus.ch\/webshop\/wp-json\/wp\/v2\/product_brand?post=4581"},{"taxonomy":"product_cat","embeddable":true,"href":"https:\/\/kobus.ch\/webshop\/wp-json\/wp\/v2\/product_cat?post=4581"},{"taxonomy":"product_tag","embeddable":true,"href":"https:\/\/kobus.ch\/webshop\/wp-json\/wp\/v2\/product_tag?post=4581"},{"taxonomy":"yst_prominent_words","embeddable":true,"href":"https:\/\/kobus.ch\/webshop\/wp-json\/wp\/v2\/yst_prominent_words?post=4581"}],"curies":[{"name":"wp","href":"https:\/\/api.w.org\/{rel}","templated":true}]}}