{"id":4616,"date":"2021-04-23T21:41:31","date_gmt":"2021-04-23T20:41:31","guid":{"rendered":"https:\/\/kobus.ch\/webshop\/?post_type=product&#038;p=4616"},"modified":"2024-11-25T18:38:19","modified_gmt":"2024-11-25T17:38:19","slug":"entspannendes-pflegeoel","status":"publish","type":"product","link":"https:\/\/kobus.ch\/webshop\/produkt\/entspannendes-pflegeoel\/","title":{"rendered":"Entspannendes Pflege\u00f6l"},"content":{"rendered":"<p>Wenn K\u00f6rper, Seele und Geist eine Auszeit brauchen. wirkt angenehm l\u00f6send auf K\u00f6rper und Geist und f\u00f6rdert einen ruhigen Schlaf.<\/p>\n<p>Inhalt: Mandel\u00f6l, Ausz\u00fcge von Lavendel, Melisse und Kamille<\/p>\n<p>50ml Bio-Qualit\u00e4t<\/p>\n","protected":false},"excerpt":{"rendered":"<p>Wenn K\u00f6rper, Seele und Geist eine Auszeit brauchen.<\/p>\n","protected":false},"featured_media":4617,"comment_status":"open","ping_status":"closed","template":"","meta":[],"product_brand":[],"product_cat":[157],"product_tag":[],"yst_prominent_words":[],"class_list":{"0":"post-4616","1":"product","2":"type-product","3":"status-publish","4":"has-post-thumbnail","6":"product_cat-oel","8":"first","9":"instock","10":"shipping-taxable","11":"product-type-simple"},"_links":{"self":[{"href":"https:\/\/kobus.ch\/webshop\/wp-json\/wp\/v2\/product\/4616","targetHints":{"allow":["GET"]}}],"collection":[{"href":"https:\/\/kobus.ch\/webshop\/wp-json\/wp\/v2\/product"}],"about":[{"href":"https:\/\/kobus.ch\/webshop\/wp-json\/wp\/v2\/types\/product"}],"replies":[{"embeddable":true,"href":"https:\/\/kobus.ch\/webshop\/wp-json\/wp\/v2\/comments?post=4616"}],"wp:featuredmedia":[{"embeddable":true,"href":"https:\/\/kobus.ch\/webshop\/wp-json\/wp\/v2\/media\/4617"}],"wp:attachment":[{"href":"https:\/\/kobus.ch\/webshop\/wp-json\/wp\/v2\/media?parent=4616"}],"wp:term":[{"taxonomy":"product_brand","embeddable":true,"href":"https:\/\/kobus.ch\/webshop\/wp-json\/wp\/v2\/product_brand?post=4616"},{"taxonomy":"product_cat","embeddable":true,"href":"https:\/\/kobus.ch\/webshop\/wp-json\/wp\/v2\/product_cat?post=4616"},{"taxonomy":"product_tag","embeddable":true,"href":"https:\/\/kobus.ch\/webshop\/wp-json\/wp\/v2\/product_tag?post=4616"},{"taxonomy":"yst_prominent_words","embeddable":true,"href":"https:\/\/kobus.ch\/webshop\/wp-json\/wp\/v2\/yst_prominent_words?post=4616"}],"curies":[{"name":"wp","href":"https:\/\/api.w.org\/{rel}","templated":true}]}}