{"id":4679,"date":"2021-11-16T21:57:26","date_gmt":"2021-11-16T20:57:26","guid":{"rendered":"https:\/\/kobus.ch\/webshop\/?post_type=product&#038;p=4679"},"modified":"2024-11-25T18:38:19","modified_gmt":"2024-11-25T17:38:19","slug":"cbd-oel-10-erdbeerli-10ml","status":"publish","type":"product","link":"https:\/\/kobus.ch\/webshop\/produkt\/cbd-oel-10-erdbeerli-10ml\/","title":{"rendered":"CBD \u00d6l 12% Erdbeerli 10ml"},"content":{"rendered":"<p>Entspannend, Schmerzlindernd, Entz\u00fcndungshemmend, Krampfl\u00f6send<\/p>\n<ul>\n<li>Inhaltsstoffe: Erdbeerli (1000 mg), Bio-Oliven\u00f6l<\/li>\n<li>Hergestellt in der Schweiz<\/li>\n<li>Geschmack: Fruchtig, bitter<\/li>\n<li>Der Umwelt zuliebe ohne Verpackung<\/li>\n<li>Eine Flasche enth\u00e4lt ca. 200 Tropfen<\/li>\n<li>Bei einer Dosis von 10 Tropfen pro Tag h\u00e4lt die Flasche ca. 25 Tage<\/li>\n<li>1 Tropfen enth\u00e4lt ca. 7 mg CBD<\/li>\n<\/ul>\n<p>10ml Bio Qualit\u00e4t<\/p>\n","protected":false},"excerpt":{"rendered":"<p>CBD \u00d6l 12%\u00a0 Erdbeerli Hanfextrakt (1000 mg), Bio-Oliven\u00f6l. Entspannend, Schmerzlindernd, Entz\u00fcndungshemmend, Krampfl\u00f6send<\/p>\n","protected":false},"featured_media":4680,"comment_status":"open","ping_status":"closed","template":"","meta":[],"product_brand":[],"product_cat":[152],"product_tag":[],"yst_prominent_words":[],"class_list":{"0":"post-4679","1":"product","2":"type-product","3":"status-publish","4":"has-post-thumbnail","6":"product_cat-cbd-oel","8":"first","9":"instock","10":"product-type-simple"},"_links":{"self":[{"href":"https:\/\/kobus.ch\/webshop\/wp-json\/wp\/v2\/product\/4679","targetHints":{"allow":["GET"]}}],"collection":[{"href":"https:\/\/kobus.ch\/webshop\/wp-json\/wp\/v2\/product"}],"about":[{"href":"https:\/\/kobus.ch\/webshop\/wp-json\/wp\/v2\/types\/product"}],"replies":[{"embeddable":true,"href":"https:\/\/kobus.ch\/webshop\/wp-json\/wp\/v2\/comments?post=4679"}],"wp:featuredmedia":[{"embeddable":true,"href":"https:\/\/kobus.ch\/webshop\/wp-json\/wp\/v2\/media\/4680"}],"wp:attachment":[{"href":"https:\/\/kobus.ch\/webshop\/wp-json\/wp\/v2\/media?parent=4679"}],"wp:term":[{"taxonomy":"product_brand","embeddable":true,"href":"https:\/\/kobus.ch\/webshop\/wp-json\/wp\/v2\/product_brand?post=4679"},{"taxonomy":"product_cat","embeddable":true,"href":"https:\/\/kobus.ch\/webshop\/wp-json\/wp\/v2\/product_cat?post=4679"},{"taxonomy":"product_tag","embeddable":true,"href":"https:\/\/kobus.ch\/webshop\/wp-json\/wp\/v2\/product_tag?post=4679"},{"taxonomy":"yst_prominent_words","embeddable":true,"href":"https:\/\/kobus.ch\/webshop\/wp-json\/wp\/v2\/yst_prominent_words?post=4679"}],"curies":[{"name":"wp","href":"https:\/\/api.w.org\/{rel}","templated":true}]}}