{"id":4745,"date":"2022-02-21T18:47:01","date_gmt":"2022-02-21T17:47:01","guid":{"rendered":"https:\/\/kobus.ch\/webshop\/?post_type=product&#038;p=4745"},"modified":"2025-03-27T21:20:56","modified_gmt":"2025-03-27T20:20:56","slug":"kopfschmerzen-und-migraene-tee","status":"publish","type":"product","link":"https:\/\/kobus.ch\/webshop\/produkt\/kopfschmerzen-und-migraene-tee\/","title":{"rendered":"Kopfschmerz und Migr\u00e4ne Tee"},"content":{"rendered":"<p>Die besten Hausmittel gegen Kopfschmerzen &amp; Migr\u00e4ne. Nat\u00fcrliche Heilmittel wirken zwar langsamer, aber daf\u00fcr meist schonender<\/p>\n<p>Zutaten:<br \/>\nMutterkraut, Ginko, Weidenrinde, Pfefferminze, Cannatonic Hanfbl\u00e4tter, M\u00e4des\u00fcss, Schafgarbe, Hopfen, Melisse, Waldmeister, Koriander, Rosmarin, Baldrian<\/p>\n<p>30g Bio-Qualit\u00e4t<\/p>\n","protected":false},"excerpt":{"rendered":"<p>Die besten Hausmittel gegen Kopfschmerzen &amp; Migr\u00e4ne. Nat\u00fcrliche Heilmittel wirken zwar langsamer, aber daf\u00fcr meist schonender<\/p>\n","protected":false},"featured_media":4981,"comment_status":"open","ping_status":"closed","template":"","meta":[],"product_brand":[],"product_cat":[109],"product_tag":[],"yst_prominent_words":[],"class_list":{"0":"post-4745","1":"product","2":"type-product","3":"status-publish","4":"has-post-thumbnail","6":"product_cat-tee","8":"first","9":"instock","10":"shipping-taxable","11":"product-type-simple"},"_links":{"self":[{"href":"https:\/\/kobus.ch\/webshop\/wp-json\/wp\/v2\/product\/4745","targetHints":{"allow":["GET"]}}],"collection":[{"href":"https:\/\/kobus.ch\/webshop\/wp-json\/wp\/v2\/product"}],"about":[{"href":"https:\/\/kobus.ch\/webshop\/wp-json\/wp\/v2\/types\/product"}],"replies":[{"embeddable":true,"href":"https:\/\/kobus.ch\/webshop\/wp-json\/wp\/v2\/comments?post=4745"}],"wp:featuredmedia":[{"embeddable":true,"href":"https:\/\/kobus.ch\/webshop\/wp-json\/wp\/v2\/media\/4981"}],"wp:attachment":[{"href":"https:\/\/kobus.ch\/webshop\/wp-json\/wp\/v2\/media?parent=4745"}],"wp:term":[{"taxonomy":"product_brand","embeddable":true,"href":"https:\/\/kobus.ch\/webshop\/wp-json\/wp\/v2\/product_brand?post=4745"},{"taxonomy":"product_cat","embeddable":true,"href":"https:\/\/kobus.ch\/webshop\/wp-json\/wp\/v2\/product_cat?post=4745"},{"taxonomy":"product_tag","embeddable":true,"href":"https:\/\/kobus.ch\/webshop\/wp-json\/wp\/v2\/product_tag?post=4745"},{"taxonomy":"yst_prominent_words","embeddable":true,"href":"https:\/\/kobus.ch\/webshop\/wp-json\/wp\/v2\/yst_prominent_words?post=4745"}],"curies":[{"name":"wp","href":"https:\/\/api.w.org\/{rel}","templated":true}]}}