{"id":4768,"date":"2022-04-25T21:22:10","date_gmt":"2022-04-25T20:22:10","guid":{"rendered":"https:\/\/kobus.ch\/webshop\/?post_type=product&#038;p=4768"},"modified":"2024-11-25T18:38:19","modified_gmt":"2024-11-25T17:38:19","slug":"antivirale-kraeutertinktur","status":"publish","type":"product","link":"https:\/\/kobus.ch\/webshop\/produkt\/antivirale-kraeutertinktur\/","title":{"rendered":"Antivirale Kr\u00e4utertinktur"},"content":{"rendered":"<p>Lindert die Dauer und Schwere von Erk\u00e4ltungen, Grippe und viralen Infektionen<\/p>\n<p>Einsatzstoffe: Einj\u00e4hrige Beifuss (Artemisia\u00a0<em>annua<\/em>), Echinacea, Doldenbl\u00fctler, Bocksdorn, Schmetterlingsporling, G\u00e4nsebl\u00fcmchen, Brennesel, Beifuss, Ingwer, Schwarzk\u00fcmmel, Hagebutte, L\u00f6wenzahn, Knoblauch, Rosmarin, Oregano, Wasserdost, Labkraut, Wermut, Sellerie, Baldrian, Holunder Beeren<\/p>\n<p>50ml Bio-Qualit\u00e4t<\/p>\n","protected":false},"excerpt":{"rendered":"<p>Lindert die Dauer und Schwere von Erk\u00e4ltungen, Grippe und viralen Infektionen<\/p>\n","protected":false},"featured_media":4771,"comment_status":"open","ping_status":"closed","template":"","meta":[],"product_brand":[],"product_cat":[154],"product_tag":[],"yst_prominent_words":[],"class_list":{"0":"post-4768","1":"product","2":"type-product","3":"status-publish","4":"has-post-thumbnail","6":"product_cat-tinkturen","8":"first","9":"instock","10":"shipping-taxable","11":"product-type-simple"},"_links":{"self":[{"href":"https:\/\/kobus.ch\/webshop\/wp-json\/wp\/v2\/product\/4768","targetHints":{"allow":["GET"]}}],"collection":[{"href":"https:\/\/kobus.ch\/webshop\/wp-json\/wp\/v2\/product"}],"about":[{"href":"https:\/\/kobus.ch\/webshop\/wp-json\/wp\/v2\/types\/product"}],"replies":[{"embeddable":true,"href":"https:\/\/kobus.ch\/webshop\/wp-json\/wp\/v2\/comments?post=4768"}],"wp:featuredmedia":[{"embeddable":true,"href":"https:\/\/kobus.ch\/webshop\/wp-json\/wp\/v2\/media\/4771"}],"wp:attachment":[{"href":"https:\/\/kobus.ch\/webshop\/wp-json\/wp\/v2\/media?parent=4768"}],"wp:term":[{"taxonomy":"product_brand","embeddable":true,"href":"https:\/\/kobus.ch\/webshop\/wp-json\/wp\/v2\/product_brand?post=4768"},{"taxonomy":"product_cat","embeddable":true,"href":"https:\/\/kobus.ch\/webshop\/wp-json\/wp\/v2\/product_cat?post=4768"},{"taxonomy":"product_tag","embeddable":true,"href":"https:\/\/kobus.ch\/webshop\/wp-json\/wp\/v2\/product_tag?post=4768"},{"taxonomy":"yst_prominent_words","embeddable":true,"href":"https:\/\/kobus.ch\/webshop\/wp-json\/wp\/v2\/yst_prominent_words?post=4768"}],"curies":[{"name":"wp","href":"https:\/\/api.w.org\/{rel}","templated":true}]}}