{"id":4873,"date":"2023-01-30T20:41:50","date_gmt":"2023-01-30T19:41:50","guid":{"rendered":"https:\/\/kobus.ch\/webshop\/?post_type=product&#038;p=4873"},"modified":"2024-11-25T18:38:19","modified_gmt":"2024-11-25T17:38:19","slug":"artemisia-annua-beifussoel","status":"publish","type":"product","link":"https:\/\/kobus.ch\/webshop\/produkt\/artemisia-annua-beifussoel\/","title":{"rendered":"Artemisia Annua &#8211; Beifuss\u00f6l"},"content":{"rendered":"<p><strong>Alkoholfreies Extrakt 60% Artemisinin \u00d6l<\/strong><\/p>\n<p>Heilpflanze zur Stimulierung des Immunsystems und zur Linderung der Symptome von viralen und bakteriellen Infektionen.<\/p>\n<p>Einj\u00e4hriger Beifuss (Artemisia annua), enth\u00e4lt eine Vielzahl an N\u00e4hrstoffen und ist traditionell als Heilpflanze bekannt. Sie wird auch als &#171;K\u00f6nigin der Heilpflanzen&#187; betitelt. Bei der Herstellung der Produkte legt wir der Lebenskraft sehr grossen Wert auf absolute Reinheit und Nachhaltigkeit der verwendeten Rohstoffe.<\/p>\n<ul>\n<li>Alkoholfrei<\/li>\n<li>Konzentriertes Extrakt mit 60% Artemisinin<\/li>\n<li>\u00d6l mit Tropfpipette<\/li>\n<li>Einfach zu dosieren<\/li>\n<li>Lichtgesch\u00fctzte Braunglasflasche<\/li>\n<li>Ohne jegliche Zusatzstoffe<\/li>\n<li>Hergestellt aus gemahlenem Kraut<\/li>\n<\/ul>\n<p>20ml Bio-Qualit\u00e4t<\/p>\n<p><strong>Anwendung<\/strong><br \/>\nBeginnen Sie zun\u00e4chst nur mit insgesamt 15 Tropfen pro Tag \u2013\u00a0 und steigern Sie danach \u00fcber drei Tage hinweg bis zur 20 Tropfen.<\/p>\n","protected":false},"excerpt":{"rendered":"<p>Stimulierung des Immunsystems und zur Linderung der Symptome von viralen und bakteriellen Infektionen.<\/p>\n<p>Einj\u00e4hriger Beifuss (Artemisia annua), enth\u00e4lt eine Vielzahl an N\u00e4hrstoffen und ist traditionell als Heilpflanze bekannt. Sie wird auch als &#171;K\u00f6nigin der Heilpflanzen&#187; betitelt. Bei der Herstellung der Produkte legt wir der Lebenskraft sehr grossen Wert auf absolute Reinheit und Nachhaltigkeit der verwendeten Rohstoffe.<\/p>\n","protected":false},"featured_media":4970,"comment_status":"open","ping_status":"closed","template":"","meta":[],"product_brand":[],"product_cat":[157],"product_tag":[],"yst_prominent_words":[],"class_list":{"0":"post-4873","1":"product","2":"type-product","3":"status-publish","4":"has-post-thumbnail","6":"product_cat-oel","8":"first","9":"instock","10":"shipping-taxable","11":"product-type-simple"},"_links":{"self":[{"href":"https:\/\/kobus.ch\/webshop\/wp-json\/wp\/v2\/product\/4873","targetHints":{"allow":["GET"]}}],"collection":[{"href":"https:\/\/kobus.ch\/webshop\/wp-json\/wp\/v2\/product"}],"about":[{"href":"https:\/\/kobus.ch\/webshop\/wp-json\/wp\/v2\/types\/product"}],"replies":[{"embeddable":true,"href":"https:\/\/kobus.ch\/webshop\/wp-json\/wp\/v2\/comments?post=4873"}],"wp:featuredmedia":[{"embeddable":true,"href":"https:\/\/kobus.ch\/webshop\/wp-json\/wp\/v2\/media\/4970"}],"wp:attachment":[{"href":"https:\/\/kobus.ch\/webshop\/wp-json\/wp\/v2\/media?parent=4873"}],"wp:term":[{"taxonomy":"product_brand","embeddable":true,"href":"https:\/\/kobus.ch\/webshop\/wp-json\/wp\/v2\/product_brand?post=4873"},{"taxonomy":"product_cat","embeddable":true,"href":"https:\/\/kobus.ch\/webshop\/wp-json\/wp\/v2\/product_cat?post=4873"},{"taxonomy":"product_tag","embeddable":true,"href":"https:\/\/kobus.ch\/webshop\/wp-json\/wp\/v2\/product_tag?post=4873"},{"taxonomy":"yst_prominent_words","embeddable":true,"href":"https:\/\/kobus.ch\/webshop\/wp-json\/wp\/v2\/yst_prominent_words?post=4873"}],"curies":[{"name":"wp","href":"https:\/\/api.w.org\/{rel}","templated":true}]}}