{"id":4984,"date":"2023-08-13T14:26:41","date_gmt":"2023-08-13T13:26:41","guid":{"rendered":"https:\/\/kobus.ch\/webshop\/?post_type=product&#038;p=4984"},"modified":"2024-11-25T18:38:19","modified_gmt":"2024-11-25T17:38:19","slug":"kiefernadeloel","status":"publish","type":"product","link":"https:\/\/kobus.ch\/webshop\/produkt\/kiefernadeloel\/","title":{"rendered":"Kiefernadel\u00f6l"},"content":{"rendered":"<p><strong>Nat\u00fcrliche Alternativen zu Cortison zur Linderung von entz\u00fcndlichen erkrankungen wie Erk\u00e4ltungen sowie Muskel- Gelenk- Rheuma- und Nervenschmerzen<\/strong><\/p>\n<p>Kiefernnadeln st\u00e4rkt die Immunabwehr und gibt Kraft bei seelischer und k\u00f6rperlicher Ersch\u00f6pfung<\/p>\n<p>Zutaten: Oliven\u00f6l, Mandel\u00f6l, Kiefernnadeln<\/p>\n<p>50ml Bio-Qualit\u00e4t<\/p>\n","protected":false},"excerpt":{"rendered":"<h3><a><span id=\"aiosp_snippet_title\">Kiefernadel\u00f6l<\/span><\/a><\/h3>\n<p>Nat\u00fcrliche Alternativen zu Cortison zur Linderung von entz\u00fcndlichen Atemwegserkrankungen wie Erk\u00e4ltungen sowie Muskel- Gelenk- und Nervenschmerzen<\/p>\n","protected":false},"featured_media":4985,"comment_status":"open","ping_status":"closed","template":"","meta":[],"product_brand":[],"product_cat":[157],"product_tag":[],"yst_prominent_words":[],"class_list":{"0":"post-4984","1":"product","2":"type-product","3":"status-publish","4":"has-post-thumbnail","6":"product_cat-oel","8":"first","9":"instock","10":"shipping-taxable","11":"product-type-simple"},"_links":{"self":[{"href":"https:\/\/kobus.ch\/webshop\/wp-json\/wp\/v2\/product\/4984","targetHints":{"allow":["GET"]}}],"collection":[{"href":"https:\/\/kobus.ch\/webshop\/wp-json\/wp\/v2\/product"}],"about":[{"href":"https:\/\/kobus.ch\/webshop\/wp-json\/wp\/v2\/types\/product"}],"replies":[{"embeddable":true,"href":"https:\/\/kobus.ch\/webshop\/wp-json\/wp\/v2\/comments?post=4984"}],"wp:featuredmedia":[{"embeddable":true,"href":"https:\/\/kobus.ch\/webshop\/wp-json\/wp\/v2\/media\/4985"}],"wp:attachment":[{"href":"https:\/\/kobus.ch\/webshop\/wp-json\/wp\/v2\/media?parent=4984"}],"wp:term":[{"taxonomy":"product_brand","embeddable":true,"href":"https:\/\/kobus.ch\/webshop\/wp-json\/wp\/v2\/product_brand?post=4984"},{"taxonomy":"product_cat","embeddable":true,"href":"https:\/\/kobus.ch\/webshop\/wp-json\/wp\/v2\/product_cat?post=4984"},{"taxonomy":"product_tag","embeddable":true,"href":"https:\/\/kobus.ch\/webshop\/wp-json\/wp\/v2\/product_tag?post=4984"},{"taxonomy":"yst_prominent_words","embeddable":true,"href":"https:\/\/kobus.ch\/webshop\/wp-json\/wp\/v2\/yst_prominent_words?post=4984"}],"curies":[{"name":"wp","href":"https:\/\/api.w.org\/{rel}","templated":true}]}}