{"id":5460,"date":"2025-09-05T09:48:38","date_gmt":"2025-09-05T08:48:38","guid":{"rendered":"https:\/\/kobus.ch\/webshop\/?post_type=product&#038;p=5460"},"modified":"2025-09-05T12:24:47","modified_gmt":"2025-09-05T11:24:47","slug":"kardenwurzel-tinktur-kopie","status":"publish","type":"product","link":"https:\/\/kobus.ch\/webshop\/produkt\/kardenwurzel-tinktur-kopie\/","title":{"rendered":"Kardenwurzel Tinktur"},"content":{"rendered":"<p>Karden-Tinktur, extra konzentriert<\/p>\n<p>Einsatzstoffe: Kardenwurzel, 40% Bio Alkohol<\/p>\n<p>Die Wilde Karde, auch als <b>Dipsacus fullonum<\/b> bekannt, ist eine Heilpflanze, die schon seit der Antike f\u00fcr ihre therapeutische Wirkung gesch\u00e4tzt wird.<\/p>\n<p>In der traditionellen Volksheilkunde wird sie aufgrund ihrer wertvollen Inhaltsstoffe wie Saponine, Glykoside und Kaffees\u00e4ure eingesetzt. Diese Wirkstoffe k\u00f6nnen entz\u00fcndungshemmende, harntreibende, schweisstreibende und antioxidative Effekte haben.<\/p>\n<p>Die <b>Wilde Karde<\/b> wird in der Naturheilkunde besonders bei der Behandlung von Borreliose eingesetzt. Interessant ist hier die Signaturlehre, bei der man davon ausgeht, dass das Aussehen einer Pflanze einen Hinweis auf ihre Heilkraft gibt. So \u00e4hnelt die ringf\u00f6rmige Bl\u00fcte der Karde, bei der sich unz\u00e4hlige kleine lila Bl\u00fcten wie ein Ring \u00fcber den Bl\u00fctenkopf bewegen, der wandernden R\u00f6tung, der sogenannten Ringr\u00f6te. Diese ist oft das erste Anzeichen einer Borreliose-Infektion.<\/p>\n<p>20ml Bio-Qualit\u00e4t<\/p>\n<ul>\n<li>Frische, einj\u00e4hrige Kardenwurzeln<\/li>\n<li>Reicht 12 Tage bei 2&#215;10 Tropfen\/Tag<\/li>\n<li>Haltbarkeit: <strong>ungek\u00fchlt<\/strong> mindestens drei Jahre<\/li>\n<\/ul>\n<p>&nbsp;<\/p>\n","protected":false},"excerpt":{"rendered":"<p>Karden-Tinktur, extra konzentriert<\/p>\n","protected":false},"featured_media":5461,"comment_status":"open","ping_status":"closed","template":"","meta":[],"product_brand":[],"product_cat":[154],"product_tag":[],"yst_prominent_words":[],"class_list":{"0":"post-5460","1":"product","2":"type-product","3":"status-publish","4":"has-post-thumbnail","6":"product_cat-tinkturen","8":"first","9":"instock","10":"shipping-taxable","11":"product-type-simple"},"_links":{"self":[{"href":"https:\/\/kobus.ch\/webshop\/wp-json\/wp\/v2\/product\/5460","targetHints":{"allow":["GET"]}}],"collection":[{"href":"https:\/\/kobus.ch\/webshop\/wp-json\/wp\/v2\/product"}],"about":[{"href":"https:\/\/kobus.ch\/webshop\/wp-json\/wp\/v2\/types\/product"}],"replies":[{"embeddable":true,"href":"https:\/\/kobus.ch\/webshop\/wp-json\/wp\/v2\/comments?post=5460"}],"wp:featuredmedia":[{"embeddable":true,"href":"https:\/\/kobus.ch\/webshop\/wp-json\/wp\/v2\/media\/5461"}],"wp:attachment":[{"href":"https:\/\/kobus.ch\/webshop\/wp-json\/wp\/v2\/media?parent=5460"}],"wp:term":[{"taxonomy":"product_brand","embeddable":true,"href":"https:\/\/kobus.ch\/webshop\/wp-json\/wp\/v2\/product_brand?post=5460"},{"taxonomy":"product_cat","embeddable":true,"href":"https:\/\/kobus.ch\/webshop\/wp-json\/wp\/v2\/product_cat?post=5460"},{"taxonomy":"product_tag","embeddable":true,"href":"https:\/\/kobus.ch\/webshop\/wp-json\/wp\/v2\/product_tag?post=5460"},{"taxonomy":"yst_prominent_words","embeddable":true,"href":"https:\/\/kobus.ch\/webshop\/wp-json\/wp\/v2\/yst_prominent_words?post=5460"}],"curies":[{"name":"wp","href":"https:\/\/api.w.org\/{rel}","templated":true}]}}